{"id":324,"date":"2014-11-29T20:59:58","date_gmt":"2014-11-29T19:59:58","guid":{"rendered":"http:\/\/test.ricanek.cz\/?page_id=324"},"modified":"2016-01-04T18:25:41","modified_gmt":"2016-01-04T17:25:41","slug":"vladimir-otta","status":"publish","type":"page","link":"http:\/\/partas.smecno.eu\/?page_id=324","title":{"rendered":"Vladim\u00edr Otta"},"content":{"rendered":"<p><span style=\"font-size: 10pt;\">(\u010dl. spolku, spr\u00e1va webu)<\/span><\/p>\n<p>&nbsp;<\/p>\n<p><span style=\"font-size: 12pt;\"><strong>Napi\u0161te mi:<\/strong><\/span><\/p>\n<p>&nbsp;<\/p>\n<table style=\"height: 309px;\" width=\"435\">\n<tbody>\n<tr>\n<td style=\"text-align: left; vertical-align: top;\"><img loading=\"lazy\" decoding=\"async\" class=\"alignnone size-full wp-image-232\" src=\"http:\/\/partas.smecno.eu\/wp-content\/uploads\/2015\/10\/avatar-muz_mini.png\" alt=\"avatar-muz_mini\" width=\"75\" height=\"75\" \/><\/td>\n<td>\n<div class=\"wpcf7 no-js\" id=\"wpcf7-f4-o1\" lang=\"cs-CZ\" dir=\"ltr\" data-wpcf7-id=\"4\">\n<div class=\"screen-reader-response\"><p role=\"status\" aria-live=\"polite\" aria-atomic=\"true\"><\/p> <ul><\/ul><\/div>\n<form action=\"\/index.php?rest_route=%2Fwp%2Fv2%2Fpages%2F324#wpcf7-f4-o1\" method=\"post\" class=\"wpcf7-form init\" aria-label=\"Kontaktn\u00ed formul\u00e1\u0159\" novalidate=\"novalidate\" data-status=\"init\">\n<fieldset class=\"hidden-fields-container\"><input type=\"hidden\" name=\"_wpcf7\" value=\"4\" \/><input type=\"hidden\" name=\"_wpcf7_version\" value=\"6.1.5\" \/><input type=\"hidden\" name=\"_wpcf7_locale\" value=\"cs_CZ\" \/><input type=\"hidden\" name=\"_wpcf7_unit_tag\" value=\"wpcf7-f4-o1\" \/><input type=\"hidden\" name=\"_wpcf7_container_post\" value=\"0\" \/><input type=\"hidden\" name=\"_wpcf7_posted_data_hash\" value=\"\" \/>\n<\/fieldset>\n<p>Va\u0161e jm\u00e9no (vy\u017eadov\u00e1no)\n<\/p>\n<p><span class=\"wpcf7-form-control-wrap\" data-name=\"your-name\"><input size=\"40\" maxlength=\"400\" class=\"wpcf7-form-control wpcf7-text wpcf7-validates-as-required\" aria-required=\"true\" aria-invalid=\"false\" value=\"\" type=\"text\" name=\"your-name\" \/><\/span>\n<\/p>\n<p>V\u00e1\u0161 email (vy\u017eadov\u00e1no)\n<\/p>\n<p><span class=\"wpcf7-form-control-wrap\" data-name=\"your-email\"><input size=\"40\" maxlength=\"400\" class=\"wpcf7-form-control wpcf7-email wpcf7-validates-as-required wpcf7-text wpcf7-validates-as-email\" aria-required=\"true\" aria-invalid=\"false\" value=\"\" type=\"email\" name=\"your-email\" \/><\/span>\n<\/p>\n<p>P\u0159edm\u011bt\n<\/p>\n<p><span class=\"wpcf7-form-control-wrap\" data-name=\"your-subject\"><input size=\"40\" maxlength=\"400\" class=\"wpcf7-form-control wpcf7-text\" aria-invalid=\"false\" value=\"\" type=\"text\" name=\"your-subject\" \/><\/span>\n<\/p>\n<p>Va\u0161e zpr\u00e1va\n<\/p>\n<p><span class=\"wpcf7-form-control-wrap\" data-name=\"your-message\"><textarea cols=\"40\" rows=\"10\" maxlength=\"2000\" class=\"wpcf7-form-control wpcf7-textarea\" aria-invalid=\"false\" name=\"your-message\"><\/textarea><\/span>\n<\/p>\n<p><input class=\"wpcf7-form-control wpcf7-submit has-spinner\" type=\"submit\" value=\"Odeslat\" \/>\n<\/p><div class=\"wpcf7-response-output\" aria-hidden=\"true\"><\/div>\n<\/form>\n<\/div>\n<\/td>\n<\/tr>\n<\/tbody>\n<\/table>\n","protected":false},"excerpt":{"rendered":"<p>(\u010dl. spolku, spr\u00e1va webu) &nbsp; Napi\u0161te mi: &nbsp;<\/p>\n","protected":false},"author":1,"featured_media":231,"parent":17,"menu_order":50,"comment_status":"closed","ping_status":"closed","template":"","meta":{"footnotes":""},"class_list":["post-324","page","type-page","status-publish","has-post-thumbnail","hentry","nodate","item-wrap"],"aioseo_notices":[],"_links":{"self":[{"href":"http:\/\/partas.smecno.eu\/index.php?rest_route=\/wp\/v2\/pages\/324","targetHints":{"allow":["GET"]}}],"collection":[{"href":"http:\/\/partas.smecno.eu\/index.php?rest_route=\/wp\/v2\/pages"}],"about":[{"href":"http:\/\/partas.smecno.eu\/index.php?rest_route=\/wp\/v2\/types\/page"}],"author":[{"embeddable":true,"href":"http:\/\/partas.smecno.eu\/index.php?rest_route=\/wp\/v2\/users\/1"}],"replies":[{"embeddable":true,"href":"http:\/\/partas.smecno.eu\/index.php?rest_route=%2Fwp%2Fv2%2Fcomments&post=324"}],"version-history":[{"count":0,"href":"http:\/\/partas.smecno.eu\/index.php?rest_route=\/wp\/v2\/pages\/324\/revisions"}],"up":[{"embeddable":true,"href":"http:\/\/partas.smecno.eu\/index.php?rest_route=\/wp\/v2\/pages\/17"}],"wp:featuredmedia":[{"embeddable":true,"href":"http:\/\/partas.smecno.eu\/index.php?rest_route=\/wp\/v2\/media\/231"}],"wp:attachment":[{"href":"http:\/\/partas.smecno.eu\/index.php?rest_route=%2Fwp%2Fv2%2Fmedia&parent=324"}],"curies":[{"name":"wp","href":"https:\/\/api.w.org\/{rel}","templated":true}]}}